{"id":5288,"date":"2026-05-12T23:40:31","date_gmt":"2026-05-12T21:40:31","guid":{"rendered":"https:\/\/greenhunters.cz\/eshop\/?post_type=product&#038;p=5288"},"modified":"2026-05-12T23:45:19","modified_gmt":"2026-05-12T21:45:19","slug":"suseny-raselinik-sphagnum-moss-netrideny","status":"publish","type":"product","link":"https:\/\/greenhunters.cz\/eshop\/produkt\/suseny-raselinik-sphagnum-moss-netrideny\/","title":{"rendered":"Su\u0161en\u00fd ra\u0161elin\u00edk (Sphagnum moss) &#8211; net\u0159\u00edd\u011bn\u00fd"},"content":{"rendered":"<h4>Su\u0161en\u00fd ra\u0161elin\u00edk (Sphagnum moss) &#8211; net\u0159\u00edd\u011bn\u00fd<\/h4>\n<p>Vhodn\u00fd jako leh\u010d\u00edc\u00ed slo\u017eka do substr\u00e1t\u016f, samostatn\u00fd substr\u00e1t, v\u00fdpl\u0148 p\u0159i pos\u00edl\u00e1n\u00ed rostlin nebo p\u0159i zimov\u00e1n\u00ed rostlin v lednici.<\/p>\n<p>D\u00e1le je vhodn\u00fd jako substr\u00e1t pro vlhk\u00e1 ter\u00e1ria a palud\u00e1ria.<\/p>\n<p>P\u016fvod: Chile<\/p>\n<p>Net\u0159\u00edd\u011bn\u00fd, obsahuje p\u0159irozen\u011b se vyskytuj\u00edc\u00ed ne\u010distoty jako jsou v\u011btvi\u010dky a listy. Ve form\u011b men\u0161\u00edch slisovan\u00fdch blok\u016f.<\/p>\n<p>Ra\u0161elin\u00edk je zas\u00edl\u00e1n v m\u00edrn\u011b stla\u010den\u00e9m a such\u00e9m stavu. Deklarovan\u00e9ho mno\u017estv\u00ed se dos\u00e1hne po op\u011btovn\u00e9m rozm\u011bln\u011bn\u00ed a namok\u0159en\u00ed.<\/p>\n","protected":false},"excerpt":{"rendered":"<p>Su\u0161en\u00fd ra\u0161elin\u00edk (Sphagnum moss) &#8211; net\u0159\u00edd\u011bn\u00fd je vhodn\u00fd jako leh\u010d\u00edc\u00ed slo\u017eka do substr\u00e1t\u016f, jako samostatn\u00fd substr\u00e1t, jako v\u00fdpl\u0148 p\u0159i pos\u00edl\u00e1n\u00ed rostlin nebo p\u0159i zimov\u00e1n\u00ed rostlin v lednici.<\/p>\n<p>D\u00e1le je vhodn\u00fd jako substr\u00e1t pro vlhk\u00e1 ter\u00e1ria a palud\u00e1ria.<\/p>\n<p>P\u016fvod: Chile<\/p>\n<p>Net\u0159\u00edd\u011bn\u00fd, obsahuje p\u0159irozen\u011b se vyskytuj\u00edc\u00ed ne\u010distoty jako jsou v\u011btvi\u010dky a listy. Ve form\u011b men\u0161\u00edch slisovan\u00fdch blok\u016f.<\/p>\n","protected":false},"featured_media":0,"template":"","meta":{"ocean_post_layout":"","ocean_both_sidebars_style":"","ocean_both_sidebars_content_width":0,"ocean_both_sidebars_sidebars_width":0,"ocean_sidebar":"0","ocean_second_sidebar":"0","ocean_disable_margins":"enable","ocean_add_body_class":"","ocean_shortcode_before_top_bar":"","ocean_shortcode_after_top_bar":"","ocean_shortcode_before_header":"","ocean_shortcode_after_header":"","ocean_has_shortcode":"","ocean_shortcode_after_title":"","ocean_shortcode_before_footer_widgets":"","ocean_shortcode_after_footer_widgets":"","ocean_shortcode_before_footer_bottom":"","ocean_shortcode_after_footer_bottom":"","ocean_display_top_bar":"default","ocean_display_header":"default","ocean_header_style":"","ocean_center_header_left_menu":"0","ocean_custom_header_template":"0","ocean_custom_logo":0,"ocean_custom_retina_logo":0,"ocean_custom_logo_max_width":0,"ocean_custom_logo_tablet_max_width":0,"ocean_custom_logo_mobile_max_width":0,"ocean_custom_logo_max_height":0,"ocean_custom_logo_tablet_max_height":0,"ocean_custom_logo_mobile_max_height":0,"ocean_header_custom_menu":"0","ocean_menu_typo_font_family":"0","ocean_menu_typo_font_subset":"","ocean_menu_typo_font_size":0,"ocean_menu_typo_font_size_tablet":0,"ocean_menu_typo_font_size_mobile":0,"ocean_menu_typo_font_size_unit":"px","ocean_menu_typo_font_weight":"","ocean_menu_typo_font_weight_tablet":"","ocean_menu_typo_font_weight_mobile":"","ocean_menu_typo_transform":"","ocean_menu_typo_transform_tablet":"","ocean_menu_typo_transform_mobile":"","ocean_menu_typo_line_height":0,"ocean_menu_typo_line_height_tablet":0,"ocean_menu_typo_line_height_mobile":0,"ocean_menu_typo_line_height_unit":"","ocean_menu_typo_spacing":0,"ocean_menu_typo_spacing_tablet":0,"ocean_menu_typo_spacing_mobile":0,"ocean_menu_typo_spacing_unit":"","ocean_menu_link_color":"","ocean_menu_link_color_hover":"","ocean_menu_link_color_active":"","ocean_menu_link_background":"","ocean_menu_link_hover_background":"","ocean_menu_link_active_background":"","ocean_menu_social_links_bg":"","ocean_menu_social_hover_links_bg":"","ocean_menu_social_links_color":"","ocean_menu_social_hover_links_color":"","ocean_disable_title":"default","ocean_disable_heading":"default","ocean_post_title":"","ocean_post_subheading":"","ocean_post_title_style":"","ocean_post_title_background_color":"","ocean_post_title_background":0,"ocean_post_title_bg_image_position":"","ocean_post_title_bg_image_attachment":"","ocean_post_title_bg_image_repeat":"","ocean_post_title_bg_image_size":"","ocean_post_title_height":0,"ocean_post_title_bg_overlay":0.5,"ocean_post_title_bg_overlay_color":"","ocean_disable_breadcrumbs":"default","ocean_breadcrumbs_color":"","ocean_breadcrumbs_separator_color":"","ocean_breadcrumbs_links_color":"","ocean_breadcrumbs_links_hover_color":"","ocean_display_footer_widgets":"default","ocean_display_footer_bottom":"default","ocean_custom_footer_template":"0"},"product_brand":[],"product_cat":[94],"product_tag":[],"class_list":{"0":"post-5288","1":"product","2":"type-product","3":"status-publish","5":"product_cat-surove-substraty-a-slozky","7":"entry","9":"first","10":"instock","11":"shipping-taxable","12":"purchasable","13":"product-type-variable","14":"has-product-nav","15":"col","16":"span_1_of_3","17":"owp-content-center","18":"owp-thumbs-layout-horizontal","19":"owp-btn-normal","20":"owp-tabs-layout-horizontal","21":"has-no-thumbnails"},"_links":{"self":[{"href":"https:\/\/greenhunters.cz\/eshop\/wp-json\/wp\/v2\/product\/5288","targetHints":{"allow":["GET"]}}],"collection":[{"href":"https:\/\/greenhunters.cz\/eshop\/wp-json\/wp\/v2\/product"}],"about":[{"href":"https:\/\/greenhunters.cz\/eshop\/wp-json\/wp\/v2\/types\/product"}],"wp:attachment":[{"href":"https:\/\/greenhunters.cz\/eshop\/wp-json\/wp\/v2\/media?parent=5288"}],"wp:term":[{"taxonomy":"product_brand","embeddable":true,"href":"https:\/\/greenhunters.cz\/eshop\/wp-json\/wp\/v2\/product_brand?post=5288"},{"taxonomy":"product_cat","embeddable":true,"href":"https:\/\/greenhunters.cz\/eshop\/wp-json\/wp\/v2\/product_cat?post=5288"},{"taxonomy":"product_tag","embeddable":true,"href":"https:\/\/greenhunters.cz\/eshop\/wp-json\/wp\/v2\/product_tag?post=5288"}],"curies":[{"name":"wp","href":"https:\/\/api.w.org\/{rel}","templated":true}]}}