{"id":4464,"date":"2025-07-11T21:18:43","date_gmt":"2025-07-11T19:18:43","guid":{"rendered":"https:\/\/greenhunters.cz\/eshop\/?post_type=product&#038;p=4464"},"modified":"2025-10-06T10:34:44","modified_gmt":"2025-10-06T08:34:44","slug":"dionaea-muscipula-king-cerveny-okraj-x-cervena-robustni-klon-a-15-semen","status":"publish","type":"product","link":"https:\/\/greenhunters.cz\/eshop\/produkt\/dionaea-muscipula-king-cerveny-okraj-x-cervena-robustni-klon-a-15-semen\/","title":{"rendered":"Dionaea muscipula King \u010derven\u00fd okraj x  \u010cerven\u00e1 robustn\u00ed klon A 15 semen"},"content":{"rendered":"<h4>Dionaea muscipula King \u010derven\u00fd okraj x \u010cerven\u00e1 robustn\u00ed klon A 15 semen<\/h4>\n<p>Semena z k\u0159\u00ed\u017een\u00ed sb\u00edrkov\u00fdch klon\u016f mucholapky podivn\u00e9. Hlavn\u00edm rysem je jej\u00ed schopnost chytat ko\u0159ist prudk\u00fdm sev\u0159en\u00edm past\u00ed ve tvaru past\u00ed na medv\u011bda.<\/p>\n<p>Jedn\u00e1 se o k\u0159\u00ed\u017een\u00ed sb\u00edrkov\u00fdch klon\u016f, tzn. rostliny si nesou geny rodi\u010d\u016f, ale ze semen shodn\u00e9 klony nevyrostou. Form\u00e1t zna\u010den\u00ed: matka x otec.<\/p>\n<p>Fotky rodi\u010d\u016f si m\u016f\u017eete prohl\u00e9dnout v <span style=\"color: #33cccc;\"><strong><a style=\"color: #13aff0;\" href=\"https:\/\/greenhunters.cz\/moje-sbirka-masozravych-rostlin\/mucholapky\/\" target=\"_blank\" rel=\"noopener\">galerii.<\/a><\/strong><\/span><\/p>\n<p>N\u00e1ro\u010dnost: <strong><span style=\"color: #13aff0;\"><a style=\"color: #13aff0;\" href=\"https:\/\/greenhunters.cz\/eshop\/nejcastejsi-dotazy\/\">m\u00edrn\u011b n\u00e1ro\u010dn\u00e1<\/a><\/span><\/strong><\/p>\n<p>Sklize\u0148 semen v roce 2025.<\/p>\n<p><span style=\"color: #13aff0;\"><strong><a style=\"color: #13aff0;\" href=\"https:\/\/greenhunters.cz\/tipy-pro-pestovani\/pece-o-masozrave-rostliny\/jak-zasit-seminka\/jak-zasit-seminka-mucholapek\/\" target=\"_blank\" rel=\"noopener\">N\u00e1vod na zaset\u00ed semen<\/a><\/strong><\/span><\/p>\n<p><span style=\"color: #13aff0;\"><strong><a style=\"color: #13aff0;\" href=\"https:\/\/greenhunters.cz\/zaklady-pestovani\/mucholapky\/\" target=\"_blank\" rel=\"noopener\">N\u00e1vod pro p\u011bstov\u00e1n\u00ed<\/a><\/strong><\/span><\/p>\n<p>&nbsp;<\/p>\n","protected":false},"excerpt":{"rendered":"<p>Dionaea muscipula King \u010derven\u00fd okraj x \u010cerven\u00e1 robustn\u00ed klon A 15 semen. Semena z k\u0159\u00ed\u017een\u00ed sb\u00edrkov\u00fdch klon\u016f mucholapky podivn\u00e9. Hlavn\u00edm rysem je jej\u00ed schopnost chytat ko\u0159ist prudk\u00fdm sev\u0159en\u00edm past\u00ed ve tvaru past\u00ed na medv\u011bda.<\/p>\n<p>Fotky rodi\u010d\u016f si m\u016f\u017eete prohl\u00e9dnout v <span style=\"color: #33cccc;\"><strong><a style=\"color: #13aff0;\" href=\"https:\/\/greenhunters.cz\/moje-sbirka-masozravych-rostlin\/mucholapky\/\" target=\"_blank\" rel=\"noopener\">galerii.<\/a><\/strong><\/span><\/p>\n<p>N\u00e1ro\u010dnost: <span style=\"color: #13aff0;\"><a style=\"color: #13aff0;\" href=\"https:\/\/greenhunters.cz\/eshop\/nejcastejsi-dotazy\/\">m\u00edrn\u011b n\u00e1ro\u010dn\u00e1<\/a><\/span><\/p>\n<p>Sklize\u0148 semen v roce 2025.<\/p>\n<p>Bli\u017e\u0161\u00ed informace k podm\u00ednk\u00e1m p\u011bstov\u00e1n\u00ed a zaset\u00ed semen jsou uvedeny n\u00ed\u017ee v popisu.<\/p>\n","protected":false},"featured_media":0,"template":"","meta":{"ocean_post_layout":"","ocean_both_sidebars_style":"","ocean_both_sidebars_content_width":0,"ocean_both_sidebars_sidebars_width":0,"ocean_sidebar":"0","ocean_second_sidebar":"0","ocean_disable_margins":"enable","ocean_add_body_class":"","ocean_shortcode_before_top_bar":"","ocean_shortcode_after_top_bar":"","ocean_shortcode_before_header":"","ocean_shortcode_after_header":"","ocean_has_shortcode":"","ocean_shortcode_after_title":"","ocean_shortcode_before_footer_widgets":"","ocean_shortcode_after_footer_widgets":"","ocean_shortcode_before_footer_bottom":"","ocean_shortcode_after_footer_bottom":"","ocean_display_top_bar":"default","ocean_display_header":"default","ocean_header_style":"","ocean_center_header_left_menu":"0","ocean_custom_header_template":"0","ocean_custom_logo":0,"ocean_custom_retina_logo":0,"ocean_custom_logo_max_width":0,"ocean_custom_logo_tablet_max_width":0,"ocean_custom_logo_mobile_max_width":0,"ocean_custom_logo_max_height":0,"ocean_custom_logo_tablet_max_height":0,"ocean_custom_logo_mobile_max_height":0,"ocean_header_custom_menu":"0","ocean_menu_typo_font_family":"0","ocean_menu_typo_font_subset":"","ocean_menu_typo_font_size":0,"ocean_menu_typo_font_size_tablet":0,"ocean_menu_typo_font_size_mobile":0,"ocean_menu_typo_font_size_unit":"px","ocean_menu_typo_font_weight":"","ocean_menu_typo_font_weight_tablet":"","ocean_menu_typo_font_weight_mobile":"","ocean_menu_typo_transform":"","ocean_menu_typo_transform_tablet":"","ocean_menu_typo_transform_mobile":"","ocean_menu_typo_line_height":0,"ocean_menu_typo_line_height_tablet":0,"ocean_menu_typo_line_height_mobile":0,"ocean_menu_typo_line_height_unit":"","ocean_menu_typo_spacing":0,"ocean_menu_typo_spacing_tablet":0,"ocean_menu_typo_spacing_mobile":0,"ocean_menu_typo_spacing_unit":"","ocean_menu_link_color":"","ocean_menu_link_color_hover":"","ocean_menu_link_color_active":"","ocean_menu_link_background":"","ocean_menu_link_hover_background":"","ocean_menu_link_active_background":"","ocean_menu_social_links_bg":"","ocean_menu_social_hover_links_bg":"","ocean_menu_social_links_color":"","ocean_menu_social_hover_links_color":"","ocean_disable_title":"default","ocean_disable_heading":"default","ocean_post_title":"","ocean_post_subheading":"","ocean_post_title_style":"","ocean_post_title_background_color":"","ocean_post_title_background":0,"ocean_post_title_bg_image_position":"","ocean_post_title_bg_image_attachment":"","ocean_post_title_bg_image_repeat":"","ocean_post_title_bg_image_size":"","ocean_post_title_height":0,"ocean_post_title_bg_overlay":0.5,"ocean_post_title_bg_overlay_color":"","ocean_disable_breadcrumbs":"default","ocean_breadcrumbs_color":"","ocean_breadcrumbs_separator_color":"","ocean_breadcrumbs_links_color":"","ocean_breadcrumbs_links_hover_color":"","ocean_display_footer_widgets":"default","ocean_display_footer_bottom":"default","ocean_custom_footer_template":"0"},"product_brand":[],"product_cat":[47],"product_tag":[],"class_list":{"0":"post-4464","1":"product","2":"type-product","3":"status-publish","5":"product_cat-mucholapky-seminka","6":"product_shipping_class-sag","8":"entry","10":"first","11":"outofstock","12":"shipping-taxable","13":"purchasable","14":"product-type-simple","15":"has-product-nav","16":"col","17":"span_1_of_3","18":"owp-content-center","19":"owp-thumbs-layout-horizontal","20":"owp-btn-normal","21":"owp-tabs-layout-horizontal"},"_links":{"self":[{"href":"https:\/\/greenhunters.cz\/eshop\/wp-json\/wp\/v2\/product\/4464","targetHints":{"allow":["GET"]}}],"collection":[{"href":"https:\/\/greenhunters.cz\/eshop\/wp-json\/wp\/v2\/product"}],"about":[{"href":"https:\/\/greenhunters.cz\/eshop\/wp-json\/wp\/v2\/types\/product"}],"wp:attachment":[{"href":"https:\/\/greenhunters.cz\/eshop\/wp-json\/wp\/v2\/media?parent=4464"}],"wp:term":[{"taxonomy":"product_brand","embeddable":true,"href":"https:\/\/greenhunters.cz\/eshop\/wp-json\/wp\/v2\/product_brand?post=4464"},{"taxonomy":"product_cat","embeddable":true,"href":"https:\/\/greenhunters.cz\/eshop\/wp-json\/wp\/v2\/product_cat?post=4464"},{"taxonomy":"product_tag","embeddable":true,"href":"https:\/\/greenhunters.cz\/eshop\/wp-json\/wp\/v2\/product_tag?post=4464"}],"curies":[{"name":"wp","href":"https:\/\/api.w.org\/{rel}","templated":true}]}}