{"id":4352,"date":"2025-05-31T23:28:17","date_gmt":"2025-05-31T21:28:17","guid":{"rendered":"https:\/\/greenhunters.cz\/eshop\/?post_type=product&#038;p=4352"},"modified":"2025-07-04T16:14:36","modified_gmt":"2025-07-04T14:14:36","slug":"dionaea-muscipula-akai-ryu","status":"publish","type":"product","link":"https:\/\/greenhunters.cz\/eshop\/produkt\/dionaea-muscipula-akai-ryu\/","title":{"rendered":"Dionaea muscipula Akai Ryu"},"content":{"rendered":"<h4>Dionaea muscipula Akai Ryu<\/h4>\n<p>M\u00e9n\u011b n\u00e1ro\u010dn\u00e1 maso\u017erav\u00e1 rostlina vhodn\u00e1 pro za\u010d\u00e1te\u010dn\u00edky. Celo\u010derven\u00fd sb\u00edrkov\u00fd klon mucholapky podivn\u00e9, kter\u00e1 se vyzna\u010duje chyt\u00e1n\u00edm ko\u0159isti prudk\u00fdm sev\u0159en\u00edm past\u00ed ve tvaru past\u00ed na medv\u011bda. P\u0159i vhodn\u00fdch podm\u00ednk\u00e1ch m\u00e1 tmav\u011b \u010derven\u00e9 zbarven\u00ed a pasti dosahuj\u00ed velikosti do 4 cm.<\/p>\n<p>N\u00e1ro\u010dnost:\u00a0<strong><span style=\"color: #13aff0;\"><a style=\"color: #13aff0;\" href=\"https:\/\/greenhunters.cz\/eshop\/nejcastejsi-dotazy\/\">m\u00edrn\u011b n\u00e1ro\u010dn\u00e1<\/a><\/span><\/strong><\/p>\n<p><span style=\"color: #13aff0;\"><strong><a style=\"color: #13aff0;\" href=\"https:\/\/greenhunters.cz\/zaklady-pestovani\/mucholapky\/\" target=\"_blank\" rel=\"noopener\">N\u00e1vod pro p\u011bstov\u00e1n\u00ed<\/a><\/strong><\/span><\/p>\n<p>&nbsp;<\/p>\n","protected":false},"excerpt":{"rendered":"<p>Dionaea muscipula Akai ryu je m\u00e9n\u011b n\u00e1ro\u010dn\u00e1 maso\u017erav\u00e1 rostlina vhodn\u00e1 pro za\u010d\u00e1te\u010dn\u00edky. Celo\u010derven\u00fd sb\u00edrkov\u00fd klon mucholapky podivn\u00e9, kter\u00e1 se vyzna\u010duje chyt\u00e1n\u00edm ko\u0159isti prudk\u00fdm sev\u0159en\u00edm past\u00ed ve tvaru past\u00ed na medv\u011bda. P\u0159i vhodn\u00fdch podm\u00ednk\u00e1ch m\u00e1 tmav\u011b \u010derven\u00e9 zbarven\u00ed a pasti dosahuj\u00ed velikosti do 4 cm.<\/p>\n<p>N\u00e1ro\u010dnost:\u00a0<span style=\"color: #13aff0;\"><a style=\"color: #13aff0;\" href=\"https:\/\/greenhunters.cz\/eshop\/nejcastejsi-dotazy\/\">m\u00edrn\u011b n\u00e1ro\u010dn\u00e1<\/a><\/span><\/p>\n<p>Bli\u017e\u0161\u00ed informace k podm\u00ednk\u00e1m p\u011bstov\u00e1n\u00ed jsou uvedeny n\u00ed\u017ee v popisu.<\/p>\n","protected":false},"featured_media":4356,"template":"","meta":{"ocean_post_layout":"","ocean_both_sidebars_style":"","ocean_both_sidebars_content_width":0,"ocean_both_sidebars_sidebars_width":0,"ocean_sidebar":"0","ocean_second_sidebar":"0","ocean_disable_margins":"enable","ocean_add_body_class":"","ocean_shortcode_before_top_bar":"","ocean_shortcode_after_top_bar":"","ocean_shortcode_before_header":"","ocean_shortcode_after_header":"","ocean_has_shortcode":"","ocean_shortcode_after_title":"","ocean_shortcode_before_footer_widgets":"","ocean_shortcode_after_footer_widgets":"","ocean_shortcode_before_footer_bottom":"","ocean_shortcode_after_footer_bottom":"","ocean_display_top_bar":"default","ocean_display_header":"default","ocean_header_style":"","ocean_center_header_left_menu":"0","ocean_custom_header_template":"0","ocean_custom_logo":0,"ocean_custom_retina_logo":0,"ocean_custom_logo_max_width":0,"ocean_custom_logo_tablet_max_width":0,"ocean_custom_logo_mobile_max_width":0,"ocean_custom_logo_max_height":0,"ocean_custom_logo_tablet_max_height":0,"ocean_custom_logo_mobile_max_height":0,"ocean_header_custom_menu":"0","ocean_menu_typo_font_family":"0","ocean_menu_typo_font_subset":"","ocean_menu_typo_font_size":0,"ocean_menu_typo_font_size_tablet":0,"ocean_menu_typo_font_size_mobile":0,"ocean_menu_typo_font_size_unit":"px","ocean_menu_typo_font_weight":"","ocean_menu_typo_font_weight_tablet":"","ocean_menu_typo_font_weight_mobile":"","ocean_menu_typo_transform":"","ocean_menu_typo_transform_tablet":"","ocean_menu_typo_transform_mobile":"","ocean_menu_typo_line_height":0,"ocean_menu_typo_line_height_tablet":0,"ocean_menu_typo_line_height_mobile":0,"ocean_menu_typo_line_height_unit":"","ocean_menu_typo_spacing":0,"ocean_menu_typo_spacing_tablet":0,"ocean_menu_typo_spacing_mobile":0,"ocean_menu_typo_spacing_unit":"","ocean_menu_link_color":"","ocean_menu_link_color_hover":"","ocean_menu_link_color_active":"","ocean_menu_link_background":"","ocean_menu_link_hover_background":"","ocean_menu_link_active_background":"","ocean_menu_social_links_bg":"","ocean_menu_social_hover_links_bg":"","ocean_menu_social_links_color":"","ocean_menu_social_hover_links_color":"","ocean_disable_title":"default","ocean_disable_heading":"default","ocean_post_title":"","ocean_post_subheading":"","ocean_post_title_style":"","ocean_post_title_background_color":"","ocean_post_title_background":0,"ocean_post_title_bg_image_position":"","ocean_post_title_bg_image_attachment":"","ocean_post_title_bg_image_repeat":"","ocean_post_title_bg_image_size":"","ocean_post_title_height":0,"ocean_post_title_bg_overlay":0.5,"ocean_post_title_bg_overlay_color":"","ocean_disable_breadcrumbs":"default","ocean_breadcrumbs_color":"","ocean_breadcrumbs_separator_color":"","ocean_breadcrumbs_links_color":"","ocean_breadcrumbs_links_hover_color":"","ocean_display_footer_widgets":"default","ocean_display_footer_bottom":"default","ocean_custom_footer_template":"0"},"product_brand":[],"product_cat":[26],"product_tag":[],"class_list":{"0":"post-4352","1":"product","2":"type-product","3":"status-publish","4":"has-post-thumbnail","6":"product_cat-mucholapky","7":"product_shipping_class-sag","8":"pa_velikost-s","9":"pa_velikost-m","10":"pa_velikost-l","11":"pa_velikost-xl","13":"entry","14":"has-media","16":"first","17":"outofstock","18":"shipping-taxable","19":"product-type-variable","20":"has-product-nav","21":"col","22":"span_1_of_3","23":"owp-content-center","24":"owp-thumbs-layout-horizontal","25":"owp-btn-normal","26":"owp-tabs-layout-horizontal","27":"has-no-thumbnails"},"_links":{"self":[{"href":"https:\/\/greenhunters.cz\/eshop\/wp-json\/wp\/v2\/product\/4352","targetHints":{"allow":["GET"]}}],"collection":[{"href":"https:\/\/greenhunters.cz\/eshop\/wp-json\/wp\/v2\/product"}],"about":[{"href":"https:\/\/greenhunters.cz\/eshop\/wp-json\/wp\/v2\/types\/product"}],"wp:featuredmedia":[{"embeddable":true,"href":"https:\/\/greenhunters.cz\/eshop\/wp-json\/wp\/v2\/media\/4356"}],"wp:attachment":[{"href":"https:\/\/greenhunters.cz\/eshop\/wp-json\/wp\/v2\/media?parent=4352"}],"wp:term":[{"taxonomy":"product_brand","embeddable":true,"href":"https:\/\/greenhunters.cz\/eshop\/wp-json\/wp\/v2\/product_brand?post=4352"},{"taxonomy":"product_cat","embeddable":true,"href":"https:\/\/greenhunters.cz\/eshop\/wp-json\/wp\/v2\/product_cat?post=4352"},{"taxonomy":"product_tag","embeddable":true,"href":"https:\/\/greenhunters.cz\/eshop\/wp-json\/wp\/v2\/product_tag?post=4352"}],"curies":[{"name":"wp","href":"https:\/\/api.w.org\/{rel}","templated":true}]}}