{"id":3914,"date":"2024-09-15T22:16:35","date_gmt":"2024-09-15T20:16:35","guid":{"rendered":"https:\/\/greenhunters.cz\/eshop\/?post_type=product&#038;p=3914"},"modified":"2026-04-23T22:08:35","modified_gmt":"2026-04-23T20:08:35","slug":"drosera-x-snyderi","status":"publish","type":"product","link":"https:\/\/greenhunters.cz\/eshop\/produkt\/drosera-x-snyderi\/","title":{"rendered":"Drosera x Snyderi"},"content":{"rendered":"<h4>Drosera x Snyderi<\/h4>\n<p>Nen\u00e1ro\u010dn\u00e1 maso\u017erav\u00e1 rostlina s p\u0159\u00edzemn\u00ed r\u016f\u017eic\u00ed a mal\u00fdm vzr\u016fstem okolo 4 cm. Jedn\u00e1 se o k\u0159\u00ed\u017eence Drosera dielsiana x Drosera nidiformis. Jej\u00ed hlavn\u00ed dom\u00e9nou je lepkav\u00fd sekret pokr\u00fdvaj\u00edc\u00ed listy, na kter\u00fd se chyt\u00e1 drobn\u00fd hmyz..<\/p>\n<p>N\u00e1ro\u010dnost: <strong><span style=\"color: #13aff0;\"><a style=\"color: #13aff0;\" href=\"https:\/\/greenhunters.cz\/eshop\/nejcastejsi-dotazy\/\">nen\u00e1ro\u010dn\u00e1<\/a><\/span><\/strong><\/p>\n<p><span style=\"color: #33cccc;\"><strong><a style=\"color: #33cccc;\" href=\"https:\/\/greenhunters.cz\/zaklady-pestovani\/rosnatky\/subtropicke-rosnatky\/\" target=\"_blank\" rel=\"noopener\"><span style=\"color: #13aff0;\">N\u00e1vod pro p\u011bstov\u00e1n\u00ed<\/span><\/a><\/strong><\/span><\/p>\n","protected":false},"excerpt":{"rendered":"<p>Drosera x Snyderi je nen\u00e1ro\u010dn\u00e1 maso\u017erav\u00e1 rostlina s p\u0159\u00edzemn\u00ed r\u016f\u017eic\u00ed a mal\u00fdm vzr\u016fstem okolo 4 cm. Jedn\u00e1 se o k\u0159\u00ed\u017eence Drosera dielsiana x Drosera nidiformis. Jej\u00ed hlavn\u00ed dom\u00e9nou je lepkav\u00fd sekret pokr\u00fdvaj\u00edc\u00ed listy, na kter\u00fd se chyt\u00e1 drobn\u00fd hmyz.<\/p>\n<p>N\u00e1ro\u010dnost: <span style=\"color: #13aff0;\"><a style=\"color: #13aff0;\" href=\"https:\/\/greenhunters.cz\/eshop\/nejcastejsi-dotazy\/\">nen\u00e1ro\u010dn\u00e1<\/a><\/span><\/p>\n<p>Bli\u017e\u0161\u00ed informace k podm\u00ednk\u00e1m p\u011bstov\u00e1n\u00ed jsou uvedeny n\u00ed\u017ee v popisu.<\/p>\n<p>&nbsp;<\/p>\n","protected":false},"featured_media":3902,"template":"","meta":{"ocean_post_layout":"","ocean_both_sidebars_style":"","ocean_both_sidebars_content_width":0,"ocean_both_sidebars_sidebars_width":0,"ocean_sidebar":"0","ocean_second_sidebar":"0","ocean_disable_margins":"enable","ocean_add_body_class":"","ocean_shortcode_before_top_bar":"","ocean_shortcode_after_top_bar":"","ocean_shortcode_before_header":"","ocean_shortcode_after_header":"","ocean_has_shortcode":"","ocean_shortcode_after_title":"","ocean_shortcode_before_footer_widgets":"","ocean_shortcode_after_footer_widgets":"","ocean_shortcode_before_footer_bottom":"","ocean_shortcode_after_footer_bottom":"","ocean_display_top_bar":"default","ocean_display_header":"default","ocean_header_style":"","ocean_center_header_left_menu":"0","ocean_custom_header_template":"0","ocean_custom_logo":0,"ocean_custom_retina_logo":0,"ocean_custom_logo_max_width":0,"ocean_custom_logo_tablet_max_width":0,"ocean_custom_logo_mobile_max_width":0,"ocean_custom_logo_max_height":0,"ocean_custom_logo_tablet_max_height":0,"ocean_custom_logo_mobile_max_height":0,"ocean_header_custom_menu":"0","ocean_menu_typo_font_family":"0","ocean_menu_typo_font_subset":"","ocean_menu_typo_font_size":0,"ocean_menu_typo_font_size_tablet":0,"ocean_menu_typo_font_size_mobile":0,"ocean_menu_typo_font_size_unit":"px","ocean_menu_typo_font_weight":"","ocean_menu_typo_font_weight_tablet":"","ocean_menu_typo_font_weight_mobile":"","ocean_menu_typo_transform":"","ocean_menu_typo_transform_tablet":"","ocean_menu_typo_transform_mobile":"","ocean_menu_typo_line_height":0,"ocean_menu_typo_line_height_tablet":0,"ocean_menu_typo_line_height_mobile":0,"ocean_menu_typo_line_height_unit":"","ocean_menu_typo_spacing":0,"ocean_menu_typo_spacing_tablet":0,"ocean_menu_typo_spacing_mobile":0,"ocean_menu_typo_spacing_unit":"","ocean_menu_link_color":"","ocean_menu_link_color_hover":"","ocean_menu_link_color_active":"","ocean_menu_link_background":"","ocean_menu_link_hover_background":"","ocean_menu_link_active_background":"","ocean_menu_social_links_bg":"","ocean_menu_social_hover_links_bg":"","ocean_menu_social_links_color":"","ocean_menu_social_hover_links_color":"","ocean_disable_title":"default","ocean_disable_heading":"default","ocean_post_title":"","ocean_post_subheading":"","ocean_post_title_style":"","ocean_post_title_background_color":"","ocean_post_title_background":0,"ocean_post_title_bg_image_position":"","ocean_post_title_bg_image_attachment":"","ocean_post_title_bg_image_repeat":"","ocean_post_title_bg_image_size":"","ocean_post_title_height":0,"ocean_post_title_bg_overlay":0.5,"ocean_post_title_bg_overlay_color":"","ocean_disable_breadcrumbs":"default","ocean_breadcrumbs_color":"","ocean_breadcrumbs_separator_color":"","ocean_breadcrumbs_links_color":"","ocean_breadcrumbs_links_hover_color":"","ocean_display_footer_widgets":"default","ocean_display_footer_bottom":"default","ocean_custom_footer_template":"0"},"product_brand":[],"product_cat":[81,35],"product_tag":[],"class_list":{"0":"post-3914","1":"product","2":"type-product","3":"status-publish","4":"has-post-thumbnail","6":"product_cat-masozrave-rostliny-pro-zacatecniky","7":"product_cat-subtropicke-rosnatky","8":"product_shipping_class-mz","9":"pa_velikost-m","10":"pa_velikost-l","11":"pa_velikost-xl","13":"entry","14":"has-media","16":"first","17":"instock","18":"shipping-taxable","19":"purchasable","20":"product-type-variable","21":"has-product-nav","22":"col","23":"span_1_of_3","24":"owp-content-center","25":"owp-thumbs-layout-horizontal","26":"owp-btn-normal","27":"owp-tabs-layout-horizontal","28":"has-no-thumbnails"},"_links":{"self":[{"href":"https:\/\/greenhunters.cz\/eshop\/wp-json\/wp\/v2\/product\/3914","targetHints":{"allow":["GET"]}}],"collection":[{"href":"https:\/\/greenhunters.cz\/eshop\/wp-json\/wp\/v2\/product"}],"about":[{"href":"https:\/\/greenhunters.cz\/eshop\/wp-json\/wp\/v2\/types\/product"}],"wp:featuredmedia":[{"embeddable":true,"href":"https:\/\/greenhunters.cz\/eshop\/wp-json\/wp\/v2\/media\/3902"}],"wp:attachment":[{"href":"https:\/\/greenhunters.cz\/eshop\/wp-json\/wp\/v2\/media?parent=3914"}],"wp:term":[{"taxonomy":"product_brand","embeddable":true,"href":"https:\/\/greenhunters.cz\/eshop\/wp-json\/wp\/v2\/product_brand?post=3914"},{"taxonomy":"product_cat","embeddable":true,"href":"https:\/\/greenhunters.cz\/eshop\/wp-json\/wp\/v2\/product_cat?post=3914"},{"taxonomy":"product_tag","embeddable":true,"href":"https:\/\/greenhunters.cz\/eshop\/wp-json\/wp\/v2\/product_tag?post=3914"}],"curies":[{"name":"wp","href":"https:\/\/api.w.org\/{rel}","templated":true}]}}