{"id":3534,"date":"2024-03-20T19:34:30","date_gmt":"2024-03-20T18:34:30","guid":{"rendered":"https:\/\/greenhunters.cz\/eshop\/?post_type=product&#038;p=3534"},"modified":"2024-05-09T09:49:59","modified_gmt":"2024-05-09T07:49:59","slug":"drosera-spiralis-bocaiuva-minas-gerais-brasil","status":"publish","type":"product","link":"https:\/\/greenhunters.cz\/eshop\/produkt\/drosera-spiralis-bocaiuva-minas-gerais-brasil\/","title":{"rendered":"Drosera spiralis {Bocai\u00fava, Minas Gerais, Brasil}"},"content":{"rendered":"<h4><span class=\"x4k7w5x x1h91t0o x1h9r5lt x1jfb8zj xv2umb2 x1beo9mf xaigb6o x12ejxvf x3igimt xarpa2k xedcshv x1lytzrv x1t2pt76 x7ja8zs x1qrby5j\"><span class=\"x193iq5w xeuugli x13faqbe x1vvkbs x1xmvt09 x1lliihq x1s928wv xhkezso x1gmr53x x1cpjm7i x1fgarty x1943h6x xudqn12 x3x7a5m x6prxxf xvq8zen xo1l8bm x14ctfv\" dir=\"auto\">Drosera spiralis {Bocai\u00fava, Minas Gerais, Brasil}<\/span><\/span><\/h4>\n<p>Jihoamerick\u00e1 maso\u017erav\u00e1 rostlina s vysok\u00fdm vzr\u016fstem poch\u00e1zej\u00edc\u00ed z lokality Bocai\u00fava, Minas Gerais, Brasil. Jej\u00ed hlavn\u00ed znakem je lepkav\u00fd sekret pokr\u00fdvaj\u00edc\u00ed \u00fazk\u00e9 listy s roz\u0161\u00ed\u0159en\u00fdmi konci, na kter\u00e9 se chyt\u00e1 drobn\u00fd hmyz.<\/p>\n<p>N\u00e1ro\u010dnost: <span style=\"color: #13aff0;\"><strong><a style=\"color: #13aff0;\" href=\"https:\/\/greenhunters.cz\/eshop\/nejcastejsi-dotazy\/\">m\u00edrn\u011b n\u00e1ro\u010dn\u00e1<\/a><\/strong><\/span><\/p>\n<p><span style=\"color: #33cccc;\"><strong><a style=\"color: #33cccc;\" href=\"https:\/\/greenhunters.cz\/zaklady-pestovani\/rosnatky\/subtropicke-rosnatky\/\" target=\"_blank\" rel=\"noopener\"><span style=\"color: #13aff0;\">N\u00e1vod pro p\u011bstov\u00e1n\u00ed<\/span><\/a><\/strong><\/span><\/p>\n","protected":false},"excerpt":{"rendered":"<p><span class=\"x4k7w5x x1h91t0o x1h9r5lt x1jfb8zj xv2umb2 x1beo9mf xaigb6o x12ejxvf x3igimt xarpa2k xedcshv x1lytzrv x1t2pt76 x7ja8zs x1qrby5j\"><span class=\"x193iq5w xeuugli x13faqbe x1vvkbs x1xmvt09 x1lliihq x1s928wv xhkezso x1gmr53x x1cpjm7i x1fgarty x1943h6x xudqn12 x3x7a5m x6prxxf xvq8zen xo1l8bm x14ctfv\" dir=\"auto\">Drosera spiralis {Bocai\u00fava, Minas Gerais, Brasil}<\/span><\/span> je jihoamerick\u00e1 maso\u017erav\u00e1 rostlina s vysok\u00fdm vzr\u016fstem poch\u00e1zej\u00edc\u00ed z lokality Bocai\u00fava, Minas Gerais, Brasil. Jej\u00ed hlavn\u00ed znakem je lepkav\u00fd sekret pokr\u00fdvaj\u00edc\u00ed \u00fazk\u00e9 listy s roz\u0161\u00ed\u0159en\u00fdmi konci, na kter\u00e9 se chyt\u00e1 drobn\u00fd hmyz.<\/p>\n<p>N\u00e1ro\u010dnost: <span style=\"color: #13aff0;\"><a style=\"color: #13aff0;\" href=\"https:\/\/greenhunters.cz\/eshop\/nejcastejsi-dotazy\/\">m\u00edrn\u011b n\u00e1ro\u010dn\u00e1<\/a><\/span><\/p>\n<p>Bli\u017e\u0161\u00ed informace k podm\u00ednk\u00e1m p\u011bstov\u00e1n\u00ed jsou uvedeny n\u00ed\u017ee v popisu.<\/p>\n","protected":false},"featured_media":3541,"template":"","meta":{"ocean_post_layout":"","ocean_both_sidebars_style":"","ocean_both_sidebars_content_width":0,"ocean_both_sidebars_sidebars_width":0,"ocean_sidebar":"0","ocean_second_sidebar":"0","ocean_disable_margins":"enable","ocean_add_body_class":"","ocean_shortcode_before_top_bar":"","ocean_shortcode_after_top_bar":"","ocean_shortcode_before_header":"","ocean_shortcode_after_header":"","ocean_has_shortcode":"","ocean_shortcode_after_title":"","ocean_shortcode_before_footer_widgets":"","ocean_shortcode_after_footer_widgets":"","ocean_shortcode_before_footer_bottom":"","ocean_shortcode_after_footer_bottom":"","ocean_display_top_bar":"default","ocean_display_header":"default","ocean_header_style":"","ocean_center_header_left_menu":"0","ocean_custom_header_template":"0","ocean_custom_logo":0,"ocean_custom_retina_logo":0,"ocean_custom_logo_max_width":0,"ocean_custom_logo_tablet_max_width":0,"ocean_custom_logo_mobile_max_width":0,"ocean_custom_logo_max_height":0,"ocean_custom_logo_tablet_max_height":0,"ocean_custom_logo_mobile_max_height":0,"ocean_header_custom_menu":"0","ocean_menu_typo_font_family":"0","ocean_menu_typo_font_subset":"","ocean_menu_typo_font_size":0,"ocean_menu_typo_font_size_tablet":0,"ocean_menu_typo_font_size_mobile":0,"ocean_menu_typo_font_size_unit":"px","ocean_menu_typo_font_weight":"","ocean_menu_typo_font_weight_tablet":"","ocean_menu_typo_font_weight_mobile":"","ocean_menu_typo_transform":"","ocean_menu_typo_transform_tablet":"","ocean_menu_typo_transform_mobile":"","ocean_menu_typo_line_height":0,"ocean_menu_typo_line_height_tablet":0,"ocean_menu_typo_line_height_mobile":0,"ocean_menu_typo_line_height_unit":"","ocean_menu_typo_spacing":0,"ocean_menu_typo_spacing_tablet":0,"ocean_menu_typo_spacing_mobile":0,"ocean_menu_typo_spacing_unit":"","ocean_menu_link_color":"","ocean_menu_link_color_hover":"","ocean_menu_link_color_active":"","ocean_menu_link_background":"","ocean_menu_link_hover_background":"","ocean_menu_link_active_background":"","ocean_menu_social_links_bg":"","ocean_menu_social_hover_links_bg":"","ocean_menu_social_links_color":"","ocean_menu_social_hover_links_color":"","ocean_disable_title":"default","ocean_disable_heading":"default","ocean_post_title":"","ocean_post_subheading":"","ocean_post_title_style":"","ocean_post_title_background_color":"","ocean_post_title_background":0,"ocean_post_title_bg_image_position":"","ocean_post_title_bg_image_attachment":"","ocean_post_title_bg_image_repeat":"","ocean_post_title_bg_image_size":"","ocean_post_title_height":0,"ocean_post_title_bg_overlay":0.5,"ocean_post_title_bg_overlay_color":"","ocean_disable_breadcrumbs":"default","ocean_breadcrumbs_color":"","ocean_breadcrumbs_separator_color":"","ocean_breadcrumbs_links_color":"","ocean_breadcrumbs_links_hover_color":"","ocean_display_footer_widgets":"default","ocean_display_footer_bottom":"default","ocean_custom_footer_template":"0"},"product_brand":[],"product_cat":[35],"product_tag":[],"class_list":{"0":"post-3534","1":"product","2":"type-product","3":"status-publish","4":"has-post-thumbnail","6":"product_cat-subtropicke-rosnatky","7":"product_shipping_class-mz","8":"pa_velikost-m","9":"pa_velikost-l","10":"pa_velikost-xl","12":"entry","13":"has-media","15":"first","16":"outofstock","17":"shipping-taxable","18":"product-type-variable","19":"has-product-nav","20":"col","21":"span_1_of_3","22":"owp-content-center","23":"owp-thumbs-layout-horizontal","24":"owp-btn-normal","25":"owp-tabs-layout-horizontal","26":"has-no-thumbnails"},"_links":{"self":[{"href":"https:\/\/greenhunters.cz\/eshop\/wp-json\/wp\/v2\/product\/3534","targetHints":{"allow":["GET"]}}],"collection":[{"href":"https:\/\/greenhunters.cz\/eshop\/wp-json\/wp\/v2\/product"}],"about":[{"href":"https:\/\/greenhunters.cz\/eshop\/wp-json\/wp\/v2\/types\/product"}],"wp:featuredmedia":[{"embeddable":true,"href":"https:\/\/greenhunters.cz\/eshop\/wp-json\/wp\/v2\/media\/3541"}],"wp:attachment":[{"href":"https:\/\/greenhunters.cz\/eshop\/wp-json\/wp\/v2\/media?parent=3534"}],"wp:term":[{"taxonomy":"product_brand","embeddable":true,"href":"https:\/\/greenhunters.cz\/eshop\/wp-json\/wp\/v2\/product_brand?post=3534"},{"taxonomy":"product_cat","embeddable":true,"href":"https:\/\/greenhunters.cz\/eshop\/wp-json\/wp\/v2\/product_cat?post=3534"},{"taxonomy":"product_tag","embeddable":true,"href":"https:\/\/greenhunters.cz\/eshop\/wp-json\/wp\/v2\/product_tag?post=3534"}],"curies":[{"name":"wp","href":"https:\/\/api.w.org\/{rel}","templated":true}]}}