{"id":1949,"date":"2022-04-03T21:41:28","date_gmt":"2022-04-03T19:41:28","guid":{"rendered":"https:\/\/greenhunters.cz\/eshop\/?post_type=product&#038;p=1949"},"modified":"2026-03-18T20:19:49","modified_gmt":"2026-03-18T19:19:49","slug":"sarracenia-flava-var-atropurpurea","status":"publish","type":"product","link":"https:\/\/greenhunters.cz\/eshop\/produkt\/sarracenia-flava-var-atropurpurea\/","title":{"rendered":"Sarracenia flava var atropurpurea"},"content":{"rendered":"<h4>Sarracenia flava var atropurpurea<\/h4>\n<p>Nen\u00e1ro\u010dn\u00e1 \u0161pirlice se vzp\u0159\u00edmen\u00fdm vzr\u016fstem. Pasti ve tvaru kornoutu funguj\u00ed na principu gravitace, kdy ko\u0159ist vleze nebo spadne do pasti a u\u017e se nedostane zp\u011bt na svobodu.<\/p>\n<p>N\u00e1ro\u010dnost:\u00a0<strong><span style=\"color: #13aff0;\"><a style=\"color: #13aff0;\" href=\"https:\/\/greenhunters.cz\/eshop\/nejcastejsi-dotazy\/\">m\u00edrn\u011b n\u00e1ro\u010dn\u00e1<\/a><\/span><\/strong><\/p>\n<p><span style=\"color: #13aff0;\"><strong><a style=\"color: #13aff0;\" href=\"https:\/\/greenhunters.cz\/zaklady-pestovani\/spirlice\/\" target=\"_blank\" rel=\"noopener\">N\u00e1vod pro p\u011bstov\u00e1n\u00ed<\/a><\/strong><\/span><\/p>\n<p>&nbsp;<\/p>\n","protected":false},"excerpt":{"rendered":"<p>Sarracenia flava var atropurpurea je nen\u00e1ro\u010dn\u00e1 \u0161pirlice se vzp\u0159\u00edmen\u00fdm vzr\u016fstem. Pasti ve tvaru kornoutu funguj\u00ed na principu gravitace, kdy ko\u0159ist vleze nebo spadne do pasti a u\u017e se nedostane zp\u011bt na svobodu.<\/p>\n<p>N\u00e1ro\u010dnost:\u00a0<span style=\"color: #13aff0;\"><a style=\"color: #13aff0;\" href=\"https:\/\/greenhunters.cz\/eshop\/nejcastejsi-dotazy\/\">m\u00edrn\u011b n\u00e1ro\u010dn\u00e1<\/a><\/span><\/p>\n<p>Bli\u017e\u0161\u00ed informace k podm\u00ednk\u00e1m p\u011bstov\u00e1n\u00ed jsou uvedeny n\u00ed\u017ee v popisu.<\/p>\n","protected":false},"featured_media":4375,"template":"","meta":{"ocean_post_layout":"","ocean_both_sidebars_style":"","ocean_both_sidebars_content_width":0,"ocean_both_sidebars_sidebars_width":0,"ocean_sidebar":"0","ocean_second_sidebar":"0","ocean_disable_margins":"enable","ocean_add_body_class":"","ocean_shortcode_before_top_bar":"","ocean_shortcode_after_top_bar":"","ocean_shortcode_before_header":"","ocean_shortcode_after_header":"","ocean_has_shortcode":"","ocean_shortcode_after_title":"","ocean_shortcode_before_footer_widgets":"","ocean_shortcode_after_footer_widgets":"","ocean_shortcode_before_footer_bottom":"","ocean_shortcode_after_footer_bottom":"","ocean_display_top_bar":"default","ocean_display_header":"default","ocean_header_style":"","ocean_center_header_left_menu":"0","ocean_custom_header_template":"0","ocean_custom_logo":0,"ocean_custom_retina_logo":0,"ocean_custom_logo_max_width":0,"ocean_custom_logo_tablet_max_width":0,"ocean_custom_logo_mobile_max_width":0,"ocean_custom_logo_max_height":0,"ocean_custom_logo_tablet_max_height":0,"ocean_custom_logo_mobile_max_height":0,"ocean_header_custom_menu":"0","ocean_menu_typo_font_family":"0","ocean_menu_typo_font_subset":"","ocean_menu_typo_font_size":0,"ocean_menu_typo_font_size_tablet":0,"ocean_menu_typo_font_size_mobile":0,"ocean_menu_typo_font_size_unit":"px","ocean_menu_typo_font_weight":"","ocean_menu_typo_font_weight_tablet":"","ocean_menu_typo_font_weight_mobile":"","ocean_menu_typo_transform":"","ocean_menu_typo_transform_tablet":"","ocean_menu_typo_transform_mobile":"","ocean_menu_typo_line_height":0,"ocean_menu_typo_line_height_tablet":0,"ocean_menu_typo_line_height_mobile":0,"ocean_menu_typo_line_height_unit":"","ocean_menu_typo_spacing":0,"ocean_menu_typo_spacing_tablet":0,"ocean_menu_typo_spacing_mobile":0,"ocean_menu_typo_spacing_unit":"","ocean_menu_link_color":"","ocean_menu_link_color_hover":"","ocean_menu_link_color_active":"","ocean_menu_link_background":"","ocean_menu_link_hover_background":"","ocean_menu_link_active_background":"","ocean_menu_social_links_bg":"","ocean_menu_social_hover_links_bg":"","ocean_menu_social_links_color":"","ocean_menu_social_hover_links_color":"","ocean_disable_title":"default","ocean_disable_heading":"default","ocean_post_title":"","ocean_post_subheading":"","ocean_post_title_style":"","ocean_post_title_background_color":"","ocean_post_title_background":0,"ocean_post_title_bg_image_position":"","ocean_post_title_bg_image_attachment":"","ocean_post_title_bg_image_repeat":"","ocean_post_title_bg_image_size":"","ocean_post_title_height":0,"ocean_post_title_bg_overlay":0.5,"ocean_post_title_bg_overlay_color":"","ocean_disable_breadcrumbs":"default","ocean_breadcrumbs_color":"","ocean_breadcrumbs_separator_color":"","ocean_breadcrumbs_links_color":"","ocean_breadcrumbs_links_hover_color":"","ocean_display_footer_widgets":"default","ocean_display_footer_bottom":"default","ocean_custom_footer_template":"0"},"product_brand":[],"product_cat":[81,82,38],"product_tag":[],"class_list":{"0":"post-1949","1":"product","2":"type-product","3":"status-publish","4":"has-post-thumbnail","6":"product_cat-masozrave-rostliny-pro-zacatecniky","7":"product_cat-masozrave-rostliny-do-venkovniho-raseliniste","8":"product_cat-spirlice","9":"product_shipping_class-sz","10":"pa_velikost-m","11":"pa_velikost-l","12":"pa_velikost-xl","14":"entry","15":"has-media","17":"first","18":"instock","19":"shipping-taxable","20":"purchasable","21":"product-type-variable","22":"has-product-nav","23":"col","24":"span_1_of_3","25":"owp-content-center","26":"owp-thumbs-layout-horizontal","27":"owp-btn-normal","28":"owp-tabs-layout-horizontal","29":"has-no-thumbnails"},"_links":{"self":[{"href":"https:\/\/greenhunters.cz\/eshop\/wp-json\/wp\/v2\/product\/1949","targetHints":{"allow":["GET"]}}],"collection":[{"href":"https:\/\/greenhunters.cz\/eshop\/wp-json\/wp\/v2\/product"}],"about":[{"href":"https:\/\/greenhunters.cz\/eshop\/wp-json\/wp\/v2\/types\/product"}],"wp:featuredmedia":[{"embeddable":true,"href":"https:\/\/greenhunters.cz\/eshop\/wp-json\/wp\/v2\/media\/4375"}],"wp:attachment":[{"href":"https:\/\/greenhunters.cz\/eshop\/wp-json\/wp\/v2\/media?parent=1949"}],"wp:term":[{"taxonomy":"product_brand","embeddable":true,"href":"https:\/\/greenhunters.cz\/eshop\/wp-json\/wp\/v2\/product_brand?post=1949"},{"taxonomy":"product_cat","embeddable":true,"href":"https:\/\/greenhunters.cz\/eshop\/wp-json\/wp\/v2\/product_cat?post=1949"},{"taxonomy":"product_tag","embeddable":true,"href":"https:\/\/greenhunters.cz\/eshop\/wp-json\/wp\/v2\/product_tag?post=1949"}],"curies":[{"name":"wp","href":"https:\/\/api.w.org\/{rel}","templated":true}]}}