{"id":1241,"date":"2021-09-25T20:11:34","date_gmt":"2021-09-25T18:11:34","guid":{"rendered":"https:\/\/greenhunters.cz\/eshop\/?page_id=1241"},"modified":"2026-04-20T17:38:31","modified_gmt":"2026-04-20T15:38:31","slug":"uvodni-stranka","status":"publish","type":"page","link":"https:\/\/greenhunters.cz\/eshop\/","title":{"rendered":"\u00davodn\u00ed str\u00e1nka"},"content":{"rendered":"\n<h2 class=\"wp-block-heading has-black-color has-text-color has-link-color wp-elements-df78b1fc13957a9011686c18a5a0e9c7\"><strong>Novinky<\/strong><\/h2>\n\n\n<div data-block-name=\"woocommerce\/handpicked-products\" data-content-visibility=\"{&quot;title&quot;:true,&quot;price&quot;:false,&quot;rating&quot;:true,&quot;button&quot;:false}\" data-products=\"[5045,5040,5030,5026,4990,4996]\" class=\"wc-block-grid wp-block-handpicked-products wp-block-woocommerce-handpicked-products wc-block-handpicked-products has-3-columns has-multiple-rows\"><ul class=\"wc-block-grid__products\"><li class=\"wc-block-grid__product\">\n\t\t\t\t<a href=\"https:\/\/greenhunters.cz\/eshop\/produkt\/drosera-omissa\/\" class=\"wc-block-grid__product-link\">\n\t\t\t\t\t\n\t\t\t\t\t<div class=\"wc-block-grid__product-image\"><img loading=\"lazy\" decoding=\"async\" width=\"300\" height=\"300\" src=\"https:\/\/greenhunters.cz\/eshop\/wp-content\/uploads\/2026\/03\/Drosera-omissa-300x300.jpg\" class=\"attachment-woocommerce_thumbnail size-woocommerce_thumbnail\" alt=\"Drosera omissa\" srcset=\"https:\/\/greenhunters.cz\/eshop\/wp-content\/uploads\/2026\/03\/Drosera-omissa-300x300.jpg 300w, https:\/\/greenhunters.cz\/eshop\/wp-content\/uploads\/2026\/03\/Drosera-omissa-1024x1024.jpg 1024w, https:\/\/greenhunters.cz\/eshop\/wp-content\/uploads\/2026\/03\/Drosera-omissa-150x150.jpg 150w, https:\/\/greenhunters.cz\/eshop\/wp-content\/uploads\/2026\/03\/Drosera-omissa-768x768.jpg 768w, https:\/\/greenhunters.cz\/eshop\/wp-content\/uploads\/2026\/03\/Drosera-omissa-600x600.jpg 600w, https:\/\/greenhunters.cz\/eshop\/wp-content\/uploads\/2026\/03\/Drosera-omissa-100x100.jpg 100w, https:\/\/greenhunters.cz\/eshop\/wp-content\/uploads\/2026\/03\/Drosera-omissa.jpg 1319w\" sizes=\"auto, (max-width: 300px) 100vw, 300px\" \/><\/div>\n\t\t\t\t\t<div class=\"wc-block-grid__product-title\">Drosera omissa<\/div>\n\t\t\t\t<\/a>\n\t\t\t\t\n\t\t\t\t\n\t\t\t\t\n\t\t\t<\/li><li class=\"wc-block-grid__product\">\n\t\t\t\t<a href=\"https:\/\/greenhunters.cz\/eshop\/produkt\/drosera-aliciae-giant-rosette-x-capensis-large-form\/\" class=\"wc-block-grid__product-link\">\n\t\t\t\t\t\n\t\t\t\t\t<div class=\"wc-block-grid__product-image\"><img loading=\"lazy\" decoding=\"async\" width=\"300\" height=\"300\" src=\"https:\/\/greenhunters.cz\/eshop\/wp-content\/uploads\/2026\/03\/Drosera-aliciae-Giant-Rosette-x-capensis-Large-form-300x300.jpg\" class=\"attachment-woocommerce_thumbnail size-woocommerce_thumbnail\" alt=\"Drosera aliciae Giant Rosette x capensis Large form\" srcset=\"https:\/\/greenhunters.cz\/eshop\/wp-content\/uploads\/2026\/03\/Drosera-aliciae-Giant-Rosette-x-capensis-Large-form-300x300.jpg 300w, https:\/\/greenhunters.cz\/eshop\/wp-content\/uploads\/2026\/03\/Drosera-aliciae-Giant-Rosette-x-capensis-Large-form-1024x1024.jpg 1024w, https:\/\/greenhunters.cz\/eshop\/wp-content\/uploads\/2026\/03\/Drosera-aliciae-Giant-Rosette-x-capensis-Large-form-150x150.jpg 150w, https:\/\/greenhunters.cz\/eshop\/wp-content\/uploads\/2026\/03\/Drosera-aliciae-Giant-Rosette-x-capensis-Large-form-768x768.jpg 768w, https:\/\/greenhunters.cz\/eshop\/wp-content\/uploads\/2026\/03\/Drosera-aliciae-Giant-Rosette-x-capensis-Large-form-1536x1536.jpg 1536w, https:\/\/greenhunters.cz\/eshop\/wp-content\/uploads\/2026\/03\/Drosera-aliciae-Giant-Rosette-x-capensis-Large-form-2048x2048.jpg 2048w, https:\/\/greenhunters.cz\/eshop\/wp-content\/uploads\/2026\/03\/Drosera-aliciae-Giant-Rosette-x-capensis-Large-form-600x600.jpg 600w, https:\/\/greenhunters.cz\/eshop\/wp-content\/uploads\/2026\/03\/Drosera-aliciae-Giant-Rosette-x-capensis-Large-form-100x100.jpg 100w\" sizes=\"auto, (max-width: 300px) 100vw, 300px\" \/><\/div>\n\t\t\t\t\t<div class=\"wc-block-grid__product-title\">Drosera aliciae Giant Rosette x capensis Large form<\/div>\n\t\t\t\t<\/a>\n\t\t\t\t\n\t\t\t\t\n\t\t\t\t\n\t\t\t<\/li><li class=\"wc-block-grid__product\">\n\t\t\t\t<a href=\"https:\/\/greenhunters.cz\/eshop\/produkt\/drosera-capensis-broad-leaf\/\" class=\"wc-block-grid__product-link\">\n\t\t\t\t\t\n\t\t\t\t\t<div class=\"wc-block-grid__product-image\"><img loading=\"lazy\" decoding=\"async\" width=\"300\" height=\"300\" src=\"https:\/\/greenhunters.cz\/eshop\/wp-content\/uploads\/2026\/03\/Drosera-capensis-Broad-leaf-300x300.jpg\" class=\"attachment-woocommerce_thumbnail size-woocommerce_thumbnail\" alt=\"Drosera capensis Broad leaf\" srcset=\"https:\/\/greenhunters.cz\/eshop\/wp-content\/uploads\/2026\/03\/Drosera-capensis-Broad-leaf-300x300.jpg 300w, https:\/\/greenhunters.cz\/eshop\/wp-content\/uploads\/2026\/03\/Drosera-capensis-Broad-leaf-1024x1024.jpg 1024w, https:\/\/greenhunters.cz\/eshop\/wp-content\/uploads\/2026\/03\/Drosera-capensis-Broad-leaf-150x150.jpg 150w, https:\/\/greenhunters.cz\/eshop\/wp-content\/uploads\/2026\/03\/Drosera-capensis-Broad-leaf-768x768.jpg 768w, https:\/\/greenhunters.cz\/eshop\/wp-content\/uploads\/2026\/03\/Drosera-capensis-Broad-leaf-1536x1536.jpg 1536w, https:\/\/greenhunters.cz\/eshop\/wp-content\/uploads\/2026\/03\/Drosera-capensis-Broad-leaf-2048x2048.jpg 2048w, https:\/\/greenhunters.cz\/eshop\/wp-content\/uploads\/2026\/03\/Drosera-capensis-Broad-leaf-600x600.jpg 600w, https:\/\/greenhunters.cz\/eshop\/wp-content\/uploads\/2026\/03\/Drosera-capensis-Broad-leaf-100x100.jpg 100w\" sizes=\"auto, (max-width: 300px) 100vw, 300px\" \/><\/div>\n\t\t\t\t\t<div class=\"wc-block-grid__product-title\">Drosera capensis Broad leaf<\/div>\n\t\t\t\t<\/a>\n\t\t\t\t\n\t\t\t\t\n\t\t\t\t\n\t\t\t<\/li><li class=\"wc-block-grid__product\">\n\t\t\t\t<a href=\"https:\/\/greenhunters.cz\/eshop\/produkt\/utricularia-babui\/\" class=\"wc-block-grid__product-link\">\n\t\t\t\t\t\n\t\t\t\t\t<div class=\"wc-block-grid__product-image\"><img loading=\"lazy\" decoding=\"async\" width=\"300\" height=\"300\" src=\"https:\/\/greenhunters.cz\/eshop\/wp-content\/uploads\/2026\/03\/Utricularia-babui-300x300.jpg\" class=\"attachment-woocommerce_thumbnail size-woocommerce_thumbnail\" alt=\"Utricularia babui\" srcset=\"https:\/\/greenhunters.cz\/eshop\/wp-content\/uploads\/2026\/03\/Utricularia-babui-300x300.jpg 300w, https:\/\/greenhunters.cz\/eshop\/wp-content\/uploads\/2026\/03\/Utricularia-babui-150x150.jpg 150w, https:\/\/greenhunters.cz\/eshop\/wp-content\/uploads\/2026\/03\/Utricularia-babui-100x100.jpg 100w, https:\/\/greenhunters.cz\/eshop\/wp-content\/uploads\/2026\/03\/Utricularia-babui.jpg 407w\" sizes=\"auto, (max-width: 300px) 100vw, 300px\" \/><\/div>\n\t\t\t\t\t<div class=\"wc-block-grid__product-title\">Utricularia babui<\/div>\n\t\t\t\t<\/a>\n\t\t\t\t\n\t\t\t\t\n\t\t\t\t\n\t\t\t<\/li><li class=\"wc-block-grid__product\">\n\t\t\t\t<a href=\"https:\/\/greenhunters.cz\/eshop\/produkt\/utricularia-cornigera-pedro-do-sino-brazil\/\" class=\"wc-block-grid__product-link\">\n\t\t\t\t\t\n\t\t\t\t\t<div class=\"wc-block-grid__product-image\"><img loading=\"lazy\" decoding=\"async\" width=\"300\" height=\"300\" src=\"https:\/\/greenhunters.cz\/eshop\/wp-content\/uploads\/2026\/03\/Utricularia-cornigera-Pedro-do-Sino-Brazil-300x300.jpg\" class=\"attachment-woocommerce_thumbnail size-woocommerce_thumbnail\" alt=\"Utricularia cornigera {Pedro do Sino, Brazil}\" srcset=\"https:\/\/greenhunters.cz\/eshop\/wp-content\/uploads\/2026\/03\/Utricularia-cornigera-Pedro-do-Sino-Brazil-300x300.jpg 300w, https:\/\/greenhunters.cz\/eshop\/wp-content\/uploads\/2026\/03\/Utricularia-cornigera-Pedro-do-Sino-Brazil-1024x1024.jpg 1024w, https:\/\/greenhunters.cz\/eshop\/wp-content\/uploads\/2026\/03\/Utricularia-cornigera-Pedro-do-Sino-Brazil-150x150.jpg 150w, https:\/\/greenhunters.cz\/eshop\/wp-content\/uploads\/2026\/03\/Utricularia-cornigera-Pedro-do-Sino-Brazil-768x768.jpg 768w, https:\/\/greenhunters.cz\/eshop\/wp-content\/uploads\/2026\/03\/Utricularia-cornigera-Pedro-do-Sino-Brazil-1536x1536.jpg 1536w, https:\/\/greenhunters.cz\/eshop\/wp-content\/uploads\/2026\/03\/Utricularia-cornigera-Pedro-do-Sino-Brazil-2048x2048.jpg 2048w, https:\/\/greenhunters.cz\/eshop\/wp-content\/uploads\/2026\/03\/Utricularia-cornigera-Pedro-do-Sino-Brazil-600x600.jpg 600w, https:\/\/greenhunters.cz\/eshop\/wp-content\/uploads\/2026\/03\/Utricularia-cornigera-Pedro-do-Sino-Brazil-100x100.jpg 100w\" sizes=\"auto, (max-width: 300px) 100vw, 300px\" \/><\/div>\n\t\t\t\t\t<div class=\"wc-block-grid__product-title\">Utricularia cornigera {Pedro do Sino, Brazil}<\/div>\n\t\t\t\t<\/a>\n\t\t\t\t\n\t\t\t\t\n\t\t\t\t\n\t\t\t<\/li><\/ul><\/div>\n\n\n<h1 class=\"wp-block-heading\"><strong>Op\u011bt skladem<\/strong><\/h1>\n\n\n<div data-block-name=\"woocommerce\/handpicked-products\" data-content-visibility=\"{&quot;title&quot;:true,&quot;price&quot;:false,&quot;rating&quot;:true,&quot;button&quot;:false}\" data-products=\"[4081,2751,2684,1182,597,3707]\" class=\"wc-block-grid wp-block-handpicked-products wp-block-woocommerce-handpicked-products wc-block-handpicked-products has-3-columns has-multiple-rows\"><ul class=\"wc-block-grid__products\"><li class=\"wc-block-grid__product\">\n\t\t\t\t<a href=\"https:\/\/greenhunters.cz\/eshop\/produkt\/utricularia-chrysantha-king-cascades-australia\/\" class=\"wc-block-grid__product-link\">\n\t\t\t\t\t\n\t\t\t\t\t<div class=\"wc-block-grid__product-image\"><img loading=\"lazy\" decoding=\"async\" width=\"300\" height=\"300\" src=\"https:\/\/greenhunters.cz\/eshop\/wp-content\/uploads\/2025\/03\/Utricularia-chrysantha-King-Cascades-Australia-300x300.jpg\" class=\"attachment-woocommerce_thumbnail size-woocommerce_thumbnail\" alt=\"Utricularia chrysantha {King Cascades, Australia}\" srcset=\"https:\/\/greenhunters.cz\/eshop\/wp-content\/uploads\/2025\/03\/Utricularia-chrysantha-King-Cascades-Australia-300x300.jpg 300w, https:\/\/greenhunters.cz\/eshop\/wp-content\/uploads\/2025\/03\/Utricularia-chrysantha-King-Cascades-Australia-1024x1024.jpg 1024w, https:\/\/greenhunters.cz\/eshop\/wp-content\/uploads\/2025\/03\/Utricularia-chrysantha-King-Cascades-Australia-150x150.jpg 150w, https:\/\/greenhunters.cz\/eshop\/wp-content\/uploads\/2025\/03\/Utricularia-chrysantha-King-Cascades-Australia-768x768.jpg 768w, https:\/\/greenhunters.cz\/eshop\/wp-content\/uploads\/2025\/03\/Utricularia-chrysantha-King-Cascades-Australia-1536x1536.jpg 1536w, https:\/\/greenhunters.cz\/eshop\/wp-content\/uploads\/2025\/03\/Utricularia-chrysantha-King-Cascades-Australia-600x600.jpg 600w, https:\/\/greenhunters.cz\/eshop\/wp-content\/uploads\/2025\/03\/Utricularia-chrysantha-King-Cascades-Australia-100x100.jpg 100w, https:\/\/greenhunters.cz\/eshop\/wp-content\/uploads\/2025\/03\/Utricularia-chrysantha-King-Cascades-Australia.jpg 1948w\" sizes=\"auto, (max-width: 300px) 100vw, 300px\" \/><\/div>\n\t\t\t\t\t<div class=\"wc-block-grid__product-title\">Utricularia chrysantha {King Cascades, Australia}<\/div>\n\t\t\t\t<\/a>\n\t\t\t\t\n\t\t\t\t\n\t\t\t\t\n\t\t\t<\/li><li class=\"wc-block-grid__product\">\n\t\t\t\t<a href=\"https:\/\/greenhunters.cz\/eshop\/produkt\/sarracenia-psittacina-hybrid\/\" class=\"wc-block-grid__product-link\">\n\t\t\t\t\t\n\t\t\t\t\t<div class=\"wc-block-grid__product-image\"><img loading=\"lazy\" decoding=\"async\" width=\"300\" height=\"300\" src=\"https:\/\/greenhunters.cz\/eshop\/wp-content\/uploads\/2024\/08\/Sarracenia-psittacina-hybrid-3-300x300.jpg\" class=\"attachment-woocommerce_thumbnail size-woocommerce_thumbnail\" alt=\"Sarracenia psittacina hybrid\" srcset=\"https:\/\/greenhunters.cz\/eshop\/wp-content\/uploads\/2024\/08\/Sarracenia-psittacina-hybrid-3-300x300.jpg 300w, https:\/\/greenhunters.cz\/eshop\/wp-content\/uploads\/2024\/08\/Sarracenia-psittacina-hybrid-3-1024x1024.jpg 1024w, https:\/\/greenhunters.cz\/eshop\/wp-content\/uploads\/2024\/08\/Sarracenia-psittacina-hybrid-3-150x150.jpg 150w, https:\/\/greenhunters.cz\/eshop\/wp-content\/uploads\/2024\/08\/Sarracenia-psittacina-hybrid-3-768x768.jpg 768w, https:\/\/greenhunters.cz\/eshop\/wp-content\/uploads\/2024\/08\/Sarracenia-psittacina-hybrid-3-1536x1536.jpg 1536w, https:\/\/greenhunters.cz\/eshop\/wp-content\/uploads\/2024\/08\/Sarracenia-psittacina-hybrid-3-2048x2048.jpg 2048w, https:\/\/greenhunters.cz\/eshop\/wp-content\/uploads\/2024\/08\/Sarracenia-psittacina-hybrid-3-600x600.jpg 600w, https:\/\/greenhunters.cz\/eshop\/wp-content\/uploads\/2024\/08\/Sarracenia-psittacina-hybrid-3-100x100.jpg 100w\" sizes=\"auto, (max-width: 300px) 100vw, 300px\" \/><\/div>\n\t\t\t\t\t<div class=\"wc-block-grid__product-title\">Sarracenia psittacina hybrid<\/div>\n\t\t\t\t<\/a>\n\t\t\t\t\n\t\t\t\t\n\t\t\t\t\n\t\t\t<\/li><li class=\"wc-block-grid__product\">\n\t\t\t\t<a href=\"https:\/\/greenhunters.cz\/eshop\/produkt\/drosera-x-hybrida\/\" class=\"wc-block-grid__product-link\">\n\t\t\t\t\t\n\t\t\t\t\t<div class=\"wc-block-grid__product-image\"><img loading=\"lazy\" decoding=\"async\" width=\"300\" height=\"300\" src=\"https:\/\/greenhunters.cz\/eshop\/wp-content\/uploads\/2023\/06\/Drosera-x-hybrida-300x300.jpg\" class=\"attachment-woocommerce_thumbnail size-woocommerce_thumbnail\" alt=\"Drosera x hybrida\" srcset=\"https:\/\/greenhunters.cz\/eshop\/wp-content\/uploads\/2023\/06\/Drosera-x-hybrida-300x300.jpg 300w, https:\/\/greenhunters.cz\/eshop\/wp-content\/uploads\/2023\/06\/Drosera-x-hybrida-1024x1024.jpg 1024w, https:\/\/greenhunters.cz\/eshop\/wp-content\/uploads\/2023\/06\/Drosera-x-hybrida-150x150.jpg 150w, https:\/\/greenhunters.cz\/eshop\/wp-content\/uploads\/2023\/06\/Drosera-x-hybrida-768x768.jpg 768w, https:\/\/greenhunters.cz\/eshop\/wp-content\/uploads\/2023\/06\/Drosera-x-hybrida-1536x1536.jpg 1536w, https:\/\/greenhunters.cz\/eshop\/wp-content\/uploads\/2023\/06\/Drosera-x-hybrida-2048x2048.jpg 2048w, https:\/\/greenhunters.cz\/eshop\/wp-content\/uploads\/2023\/06\/Drosera-x-hybrida-600x600.jpg 600w, https:\/\/greenhunters.cz\/eshop\/wp-content\/uploads\/2023\/06\/Drosera-x-hybrida-100x100.jpg 100w\" sizes=\"auto, (max-width: 300px) 100vw, 300px\" \/><\/div>\n\t\t\t\t\t<div class=\"wc-block-grid__product-title\">Drosera x hybrida<\/div>\n\t\t\t\t<\/a>\n\t\t\t\t\n\t\t\t\t\n\t\t\t\t\n\t\t\t<\/li><li class=\"wc-block-grid__product\">\n\t\t\t\t<a href=\"https:\/\/greenhunters.cz\/eshop\/produkt\/drosera-binata-ghost\/\" class=\"wc-block-grid__product-link\">\n\t\t\t\t\t\n\t\t\t\t\t<div class=\"wc-block-grid__product-image\"><img loading=\"lazy\" decoding=\"async\" width=\"300\" height=\"300\" src=\"https:\/\/greenhunters.cz\/eshop\/wp-content\/uploads\/2023\/08\/Drosera-binata-ghost-300x300.jpg\" class=\"attachment-woocommerce_thumbnail size-woocommerce_thumbnail\" alt=\"Drosera binata ghost\" srcset=\"https:\/\/greenhunters.cz\/eshop\/wp-content\/uploads\/2023\/08\/Drosera-binata-ghost-300x300.jpg 300w, https:\/\/greenhunters.cz\/eshop\/wp-content\/uploads\/2023\/08\/Drosera-binata-ghost-1024x1024.jpg 1024w, https:\/\/greenhunters.cz\/eshop\/wp-content\/uploads\/2023\/08\/Drosera-binata-ghost-150x150.jpg 150w, https:\/\/greenhunters.cz\/eshop\/wp-content\/uploads\/2023\/08\/Drosera-binata-ghost-768x768.jpg 768w, https:\/\/greenhunters.cz\/eshop\/wp-content\/uploads\/2023\/08\/Drosera-binata-ghost-1536x1536.jpg 1536w, https:\/\/greenhunters.cz\/eshop\/wp-content\/uploads\/2023\/08\/Drosera-binata-ghost-2048x2048.jpg 2048w, https:\/\/greenhunters.cz\/eshop\/wp-content\/uploads\/2023\/08\/Drosera-binata-ghost-600x600.jpg 600w, https:\/\/greenhunters.cz\/eshop\/wp-content\/uploads\/2023\/08\/Drosera-binata-ghost-100x100.jpg 100w\" sizes=\"auto, (max-width: 300px) 100vw, 300px\" \/><\/div>\n\t\t\t\t\t<div class=\"wc-block-grid__product-title\">Drosera binata ghost<\/div>\n\t\t\t\t<\/a>\n\t\t\t\t\n\t\t\t\t\n\t\t\t\t\n\t\t\t<\/li><li class=\"wc-block-grid__product\">\n\t\t\t\t<a href=\"https:\/\/greenhunters.cz\/eshop\/produkt\/drosera-x-dorks-pink\/\" class=\"wc-block-grid__product-link\">\n\t\t\t\t\t\n\t\t\t\t\t<div class=\"wc-block-grid__product-image\"><img loading=\"lazy\" decoding=\"async\" width=\"300\" height=\"300\" src=\"https:\/\/greenhunters.cz\/eshop\/wp-content\/uploads\/2021\/09\/Drosera-\u00d7-\u2018Dorks-Pink-300x300.jpg\" class=\"attachment-woocommerce_thumbnail size-woocommerce_thumbnail\" alt=\"Drosera \u00d7 &#039;Dork&#039;s Pink&#039;\" srcset=\"https:\/\/greenhunters.cz\/eshop\/wp-content\/uploads\/2021\/09\/Drosera-\u00d7-\u2018Dorks-Pink-300x300.jpg 300w, https:\/\/greenhunters.cz\/eshop\/wp-content\/uploads\/2021\/09\/Drosera-\u00d7-\u2018Dorks-Pink-150x150.jpg 150w, https:\/\/greenhunters.cz\/eshop\/wp-content\/uploads\/2021\/09\/Drosera-\u00d7-\u2018Dorks-Pink-100x100.jpg 100w, https:\/\/greenhunters.cz\/eshop\/wp-content\/uploads\/2021\/09\/Drosera-\u00d7-\u2018Dorks-Pink.jpg 769w\" sizes=\"auto, (max-width: 300px) 100vw, 300px\" \/><\/div>\n\t\t\t\t\t<div class=\"wc-block-grid__product-title\">Drosera \u00d7 &#8216;Dork&#8217;s Pink&#8217;<\/div>\n\t\t\t\t<\/a>\n\t\t\t\t\n\t\t\t\t\n\t\t\t\t\n\t\t\t<\/li><li class=\"wc-block-grid__product\">\n\t\t\t\t<a href=\"https:\/\/greenhunters.cz\/eshop\/produkt\/drosera-spatulata-var-lovellae\/\" class=\"wc-block-grid__product-link\">\n\t\t\t\t\t\n\t\t\t\t\t<div class=\"wc-block-grid__product-image\"><img loading=\"lazy\" decoding=\"async\" width=\"300\" height=\"300\" src=\"https:\/\/greenhunters.cz\/eshop\/wp-content\/uploads\/2023\/05\/Drosera-spatulata-var.-lovellae-all-red-white-flower-1-300x300.jpg\" class=\"attachment-woocommerce_thumbnail size-woocommerce_thumbnail\" alt=\"Drosera spatulata var. lovellae (all red, white flower)\" srcset=\"https:\/\/greenhunters.cz\/eshop\/wp-content\/uploads\/2023\/05\/Drosera-spatulata-var.-lovellae-all-red-white-flower-1-300x300.jpg 300w, https:\/\/greenhunters.cz\/eshop\/wp-content\/uploads\/2023\/05\/Drosera-spatulata-var.-lovellae-all-red-white-flower-1-1024x1024.jpg 1024w, https:\/\/greenhunters.cz\/eshop\/wp-content\/uploads\/2023\/05\/Drosera-spatulata-var.-lovellae-all-red-white-flower-1-150x150.jpg 150w, https:\/\/greenhunters.cz\/eshop\/wp-content\/uploads\/2023\/05\/Drosera-spatulata-var.-lovellae-all-red-white-flower-1-768x768.jpg 768w, https:\/\/greenhunters.cz\/eshop\/wp-content\/uploads\/2023\/05\/Drosera-spatulata-var.-lovellae-all-red-white-flower-1-1536x1536.jpg 1536w, https:\/\/greenhunters.cz\/eshop\/wp-content\/uploads\/2023\/05\/Drosera-spatulata-var.-lovellae-all-red-white-flower-1-600x600.jpg 600w, https:\/\/greenhunters.cz\/eshop\/wp-content\/uploads\/2023\/05\/Drosera-spatulata-var.-lovellae-all-red-white-flower-1-100x100.jpg 100w, https:\/\/greenhunters.cz\/eshop\/wp-content\/uploads\/2023\/05\/Drosera-spatulata-var.-lovellae-all-red-white-flower-1.jpg 1593w\" sizes=\"auto, (max-width: 300px) 100vw, 300px\" \/><\/div>\n\t\t\t\t\t<div class=\"wc-block-grid__product-title\">Drosera spatulata var lovellae (all red, white flower)<\/div>\n\t\t\t\t<\/a>\n\t\t\t\t\n\t\t\t\t\n\t\t\t\t\n\t\t\t<\/li><\/ul><\/div>\n\n\n<p><\/p>\n","protected":false},"excerpt":{"rendered":"<p>Novinky Op\u011bt skladem<\/p>\n","protected":false},"author":1,"featured_media":1551,"parent":0,"menu_order":0,"comment_status":"closed","ping_status":"closed","template":"","meta":{"ocean_post_layout":"left-sidebar","ocean_both_sidebars_style":"","ocean_both_sidebars_content_width":0,"ocean_both_sidebars_sidebars_width":0,"ocean_sidebar":"woo_sidebar","ocean_second_sidebar":"0","ocean_disable_margins":"enable","ocean_add_body_class":"","ocean_shortcode_before_top_bar":"","ocean_shortcode_after_top_bar":"","ocean_shortcode_before_header":"","ocean_shortcode_after_header":"","ocean_has_shortcode":"","ocean_shortcode_after_title":"","ocean_shortcode_before_footer_widgets":"","ocean_shortcode_after_footer_widgets":"","ocean_shortcode_before_footer_bottom":"","ocean_shortcode_after_footer_bottom":"","ocean_display_top_bar":"default","ocean_display_header":"default","ocean_header_style":"","ocean_center_header_left_menu":"0","ocean_custom_header_template":"0","ocean_custom_logo":0,"ocean_custom_retina_logo":0,"ocean_custom_logo_max_width":0,"ocean_custom_logo_tablet_max_width":0,"ocean_custom_logo_mobile_max_width":0,"ocean_custom_logo_max_height":0,"ocean_custom_logo_tablet_max_height":0,"ocean_custom_logo_mobile_max_height":0,"ocean_header_custom_menu":"0","ocean_menu_typo_font_family":"0","ocean_menu_typo_font_subset":"","ocean_menu_typo_font_size":0,"ocean_menu_typo_font_size_tablet":0,"ocean_menu_typo_font_size_mobile":0,"ocean_menu_typo_font_size_unit":"px","ocean_menu_typo_font_weight":"","ocean_menu_typo_font_weight_tablet":"","ocean_menu_typo_font_weight_mobile":"","ocean_menu_typo_transform":"","ocean_menu_typo_transform_tablet":"","ocean_menu_typo_transform_mobile":"","ocean_menu_typo_line_height":0,"ocean_menu_typo_line_height_tablet":0,"ocean_menu_typo_line_height_mobile":0,"ocean_menu_typo_line_height_unit":"","ocean_menu_typo_spacing":0,"ocean_menu_typo_spacing_tablet":0,"ocean_menu_typo_spacing_mobile":0,"ocean_menu_typo_spacing_unit":"","ocean_menu_link_color":"","ocean_menu_link_color_hover":"","ocean_menu_link_color_active":"","ocean_menu_link_background":"","ocean_menu_link_hover_background":"","ocean_menu_link_active_background":"","ocean_menu_social_links_bg":"","ocean_menu_social_hover_links_bg":"","ocean_menu_social_links_color":"","ocean_menu_social_hover_links_color":"","ocean_disable_title":"default","ocean_disable_heading":"default","ocean_post_title":"","ocean_post_subheading":"","ocean_post_title_style":"","ocean_post_title_background_color":"","ocean_post_title_background":0,"ocean_post_title_bg_image_position":"","ocean_post_title_bg_image_attachment":"","ocean_post_title_bg_image_repeat":"","ocean_post_title_bg_image_size":"","ocean_post_title_height":0,"ocean_post_title_bg_overlay":0.5,"ocean_post_title_bg_overlay_color":"","ocean_disable_breadcrumbs":"default","ocean_breadcrumbs_color":"","ocean_breadcrumbs_separator_color":"","ocean_breadcrumbs_links_color":"","ocean_breadcrumbs_links_hover_color":"","ocean_display_footer_widgets":"default","ocean_display_footer_bottom":"default","ocean_custom_footer_template":"0","footnotes":""},"class_list":["post-1241","page","type-page","status-publish","has-post-thumbnail","hentry","entry","has-media","owp-thumbs-layout-horizontal","owp-btn-normal","owp-tabs-layout-horizontal","has-no-thumbnails","has-product-nav"],"_links":{"self":[{"href":"https:\/\/greenhunters.cz\/eshop\/wp-json\/wp\/v2\/pages\/1241","targetHints":{"allow":["GET"]}}],"collection":[{"href":"https:\/\/greenhunters.cz\/eshop\/wp-json\/wp\/v2\/pages"}],"about":[{"href":"https:\/\/greenhunters.cz\/eshop\/wp-json\/wp\/v2\/types\/page"}],"author":[{"embeddable":true,"href":"https:\/\/greenhunters.cz\/eshop\/wp-json\/wp\/v2\/users\/1"}],"replies":[{"embeddable":true,"href":"https:\/\/greenhunters.cz\/eshop\/wp-json\/wp\/v2\/comments?post=1241"}],"version-history":[{"count":132,"href":"https:\/\/greenhunters.cz\/eshop\/wp-json\/wp\/v2\/pages\/1241\/revisions"}],"predecessor-version":[{"id":5148,"href":"https:\/\/greenhunters.cz\/eshop\/wp-json\/wp\/v2\/pages\/1241\/revisions\/5148"}],"wp:featuredmedia":[{"embeddable":true,"href":"https:\/\/greenhunters.cz\/eshop\/wp-json\/wp\/v2\/media\/1551"}],"wp:attachment":[{"href":"https:\/\/greenhunters.cz\/eshop\/wp-json\/wp\/v2\/media?parent=1241"}],"curies":[{"name":"wp","href":"https:\/\/api.w.org\/{rel}","templated":true}]}}